{"id":10889,"date":"2014-10-11T15:00:50","date_gmt":"2014-10-11T18:00:50","guid":{"rendered":"http:\/\/avada.theme-fusion.com_demos\/portfolio\/?page_id=10889"},"modified":"2014-10-11T15:00:50","modified_gmt":"2014-10-11T18:00:50","slug":"servicios","status":"publish","type":"page","link":"https:\/\/elferrol.com.ar\/v3\/servicios\/","title":{"rendered":"Servicios"},"content":{"rendered":"<div class=\"fusion-fullwidth fullwidth-box fusion-builder-row-1 nonhundred-percent-fullwidth non-hundred-percent-height-scrolling\" style=\"--awb-background-position:left top;--awb-border-radius-top-left:0px;--awb-border-radius-top-right:0px;--awb-border-radius-bottom-right:0px;--awb-border-radius-bottom-left:0px;--awb-padding-top:40px;--awb-padding-bottom:55px;--awb-border-sizes-top:0px;--awb-border-sizes-bottom:0px;--awb-flex-wrap:wrap;\" ><div class=\"fusion-builder-row fusion-row\"><div class=\"fusion-layout-column fusion_builder_column fusion-builder-column-0 fusion_builder_column_1_1 1_1 fusion-one-full fusion-column-first fusion-column-last fusion-column-no-min-height\" style=\"--awb-bg-size:cover;--awb-margin-bottom:0px;\"><div class=\"fusion-column-wrapper fusion-flex-column-wrapper-legacy\"><div class=\"fusion-text fusion-text-1\"><h1 style=\"text-align: center;\"><strong>Servicios que ofrecemos<\/strong><\/h1>\n<\/div><div class=\"fusion-sep-clear\"><\/div><div class=\"fusion-separator\" style=\"margin-left: auto;margin-right: auto;margin-top:5px;margin-bottom:65px;width:100%;max-width:200px;\"><div class=\"fusion-separator-border sep-single sep-solid\" style=\"--awb-height:20px;--awb-amount:20px;--awb-sep-color:#e0e0e0;border-color:#e0e0e0;border-top-width:1px;\"><\/div><\/div><div class=\"fusion-sep-clear\"><\/div><div class=\"fusion-clearfix\"><\/div><\/div><\/div><div class=\"fusion-layout-column fusion_builder_column fusion-builder-column-1 fusion_builder_column_1_2 1_2 fusion-one-half fusion-column-first\" style=\"--awb-bg-size:cover;--awb-border-color:#878787;--awb-border-top:2px;--awb-border-right:2px;--awb-border-bottom:2px;--awb-border-left:2px;--awb-border-style:solid;width:48%; margin-right: 4%;\"><div class=\"fusion-column-wrapper fusion-flex-column-wrapper-legacy\"><div class=\"fusion-image-element fusion-image-align-center in-legacy-container\" style=\"text-align:center;--awb-caption-title-font-family:var(--h2_typography-font-family);--awb-caption-title-font-weight:var(--h2_typography-font-weight);--awb-caption-title-font-style:var(--h2_typography-font-style);--awb-caption-title-size:var(--h2_typography-font-size);--awb-caption-title-transform:var(--h2_typography-text-transform);--awb-caption-title-line-height:var(--h2_typography-line-height);--awb-caption-title-letter-spacing:var(--h2_typography-letter-spacing);\"><div class=\"imageframe-align-center\"><span class=\" fusion-imageframe imageframe-none imageframe-1 hover-type-none fusion-animated\" data-animationType=\"fadeInLeft\" data-animationDuration=\"1.0\" data-animationOffset=\"top-into-view\"><img decoding=\"async\" src=\"https:\/\/elferrol.com.ar\/wp-content\/uploads\/2014\/10\/ProteccionFisica-e1493779323238.jpg\" alt class=\"img-responsive wp-image-13063\"\/><\/span><\/div><\/div><div class=\"fusion-sep-clear\"><\/div><div class=\"fusion-separator\" style=\"margin-left: auto;margin-right: auto;margin-top:15px;margin-bottom:15px;width:100%;max-width:200px;\"><\/div><div class=\"fusion-sep-clear\"><\/div><div class=\"fusion-text fusion-text-2\"><h2 style=\"text-align: center;\">Protecci\u00f3n Fisica<\/h2>\n<p style=\"text-align: left;\">Ofrecemos vigiladores de ambos sexos uniformados, capacitados y equipados con equipos de comunicaci\u00f3n y dem\u00e1s elementos acordes al lugar de cobertura del servicio.<\/p>\n<p style=\"text-align: left;\">La supervisi\u00f3n es realizada por personal id\u00f3neo en veh\u00edculos equipados las 24hs, los 365 dias del a\u00f1o.<\/p>\n<ul>\n<li style=\"text-align: left;\">Edificios, hoteles, casa quintas, barrios privados, countries.<\/li>\n<li style=\"text-align: left;\">Banco y entidades finacieras<\/li>\n<li style=\"text-align: left;\">Centros log\u012bsticos e industriales-obra<\/li>\n<li style=\"text-align: left;\">Intituciones educativas y deportivas<\/li>\n<li style=\"text-align: left;\">Hospitales y centros de salud<\/li>\n<li style=\"text-align: left;\">Ferias, Congresos, centros culturales<\/li>\n<li style=\"text-align: left;\">Centro Comerciales, retails, shopping<\/li>\n<li style=\"text-align: left;\">Aeropuertos<\/li>\n<\/ul>\n<\/div><div class=\"fusion-clearfix\"><\/div><\/div><\/div><div class=\"fusion-layout-column fusion_builder_column fusion-builder-column-2 fusion_builder_column_1_2 1_2 fusion-one-half fusion-column-last\" style=\"--awb-bg-size:cover;--awb-border-color:#878787;--awb-border-top:2px;--awb-border-right:2px;--awb-border-bottom:2px;--awb-border-left:2px;--awb-border-style:solid;width:48%;\"><div class=\"fusion-column-wrapper fusion-flex-column-wrapper-legacy\"><div class=\"fusion-image-element fusion-image-align-center in-legacy-container\" style=\"text-align:center;--awb-caption-title-font-family:var(--h2_typography-font-family);--awb-caption-title-font-weight:var(--h2_typography-font-weight);--awb-caption-title-font-style:var(--h2_typography-font-style);--awb-caption-title-size:var(--h2_typography-font-size);--awb-caption-title-transform:var(--h2_typography-text-transform);--awb-caption-title-line-height:var(--h2_typography-line-height);--awb-caption-title-letter-spacing:var(--h2_typography-letter-spacing);\"><div class=\"imageframe-align-center\"><span class=\" fusion-imageframe imageframe-none imageframe-2 hover-type-none fusion-animated\" style=\"border:2px solid #878787;\" data-animationType=\"fadeInDown\" data-animationDuration=\"1.0\" data-animationOffset=\"top-into-view\"><img decoding=\"async\" src=\"https:\/\/elferrol.com.ar\/wp-content\/uploads\/2014\/10\/VIPCUSTODIA.jpg\" alt class=\"img-responsive wp-image-13196\"\/><\/span><\/div><\/div><div class=\"fusion-sep-clear\"><\/div><div class=\"fusion-separator\" style=\"margin-left: auto;margin-right: auto;margin-top:15px;margin-bottom:15px;width:100%;max-width:200px;\"><\/div><div class=\"fusion-sep-clear\"><\/div><div class=\"fusion-text fusion-text-3\"><h2 style=\"text-align: center;\">Custodias<\/h2>\n<p style=\"text-align: left;\">Nuestra flota cuenta con equipo de rastreo satelital y personal especialmente entrenado para persuadir y actuar ante un siniestro, comunicados en forma permanente con nuestra base de operaciones.<\/p>\n<ul>\n<li style=\"text-align: left;\"><u>Custodia de mercader\u00eda en tr\u00e1nsito:\u00a0<\/u>\n<ul>\n<li style=\"text-align: left;\">Los equipos est\u00e1n conformados por 2 escoltas\/custodios armados con pistola cal 9mm, y el recorrido puede contratarse por corta-media o larga distancia. Ofrecemos a nuestro clientes un reporte de servicio finalizado para dar fe del cumplimiento del recorrido.<\/li>\n<\/ul>\n<\/li>\n<li style=\"text-align: left;\"><u>Custodia personal a ejecutivos<\/u><\/li>\n<\/ul>\n<\/div><div class=\"fusion-clearfix\"><\/div><\/div><\/div><div class=\"fusion-layout-column fusion_builder_column fusion-builder-column-3 fusion_builder_column_1_2 1_2 fusion-one-half fusion-column-first\" style=\"--awb-bg-size:cover;--awb-border-color:#878787;--awb-border-top:2px;--awb-border-right:2px;--awb-border-bottom:2px;--awb-border-left:2px;--awb-border-style:solid;width:48%; margin-right: 4%;\"><div class=\"fusion-column-wrapper fusion-flex-column-wrapper-legacy\"><div class=\"fusion-image-element fusion-image-align-center in-legacy-container\" style=\"text-align:center;--awb-caption-title-font-family:var(--h2_typography-font-family);--awb-caption-title-font-weight:var(--h2_typography-font-weight);--awb-caption-title-font-style:var(--h2_typography-font-style);--awb-caption-title-size:var(--h2_typography-font-size);--awb-caption-title-transform:var(--h2_typography-text-transform);--awb-caption-title-line-height:var(--h2_typography-line-height);--awb-caption-title-letter-spacing:var(--h2_typography-letter-spacing);\"><div class=\"imageframe-align-center\"><span class=\" fusion-imageframe imageframe-none imageframe-3 hover-type-none fusion-animated\" style=\"border:2px solid #878787;\" data-animationType=\"fadeInLeft\" data-animationDuration=\"1.0\" data-animationOffset=\"top-into-view\"><img decoding=\"async\" src=\"https:\/\/elferrol.com.ar\/wp-content\/uploads\/2014\/10\/SeguridadElectronica-e1493779412231.jpg\" alt class=\"img-responsive wp-image-13064\"\/><\/span><\/div><\/div><div class=\"fusion-sep-clear\"><\/div><div class=\"fusion-separator\" style=\"margin-left: auto;margin-right: auto;margin-top:15px;margin-bottom:15px;width:100%;max-width:200px;\"><\/div><div class=\"fusion-sep-clear\"><\/div><div class=\"fusion-text fusion-text-4\"><h2 style=\"text-align: center;\">Seguridad Electronica<\/h2>\n<p style=\"text-align: left;\">Para perfeccionar nuestro servicio de vigilancia f\u00edsica hemos incorporado una serie de herramientas de barrera y tecnol\u00f3gicas:<\/p>\n<ul>\n<li style=\"text-align: left;\">Sistema de Monitoreo: Es un dispositivo perfecto para la monitorizaci\u00f3n de im\u00e1genes a distancia en tiempo real a trav\u00e9s de internet. Puede colocarse en casas particulares, locales comerciales, edificios y distintos accesos.<\/li>\n<li>Barrera perim\u00e9trica: Son elementos estructurales dise\u00f1ados y construidos para impedir o retardar la entrada de intrusos a una instalaci\u00f3n o propiedad determinada; estas pueden ser: Cercos, garitas, torres de observaci\u00f3n, alambrados.<\/li>\n<\/ul>\n<\/div><div class=\"fusion-clearfix\"><\/div><\/div><\/div><div class=\"fusion-layout-column fusion_builder_column fusion-builder-column-4 fusion_builder_column_1_2 1_2 fusion-one-half fusion-column-last\" style=\"--awb-bg-size:cover;--awb-border-color:#878787;--awb-border-top:2px;--awb-border-right:2px;--awb-border-bottom:2px;--awb-border-left:2px;--awb-border-style:solid;width:48%;\"><div class=\"fusion-column-wrapper fusion-flex-column-wrapper-legacy\"><div class=\"fusion-image-element fusion-image-align-center in-legacy-container\" style=\"text-align:center;--awb-caption-title-font-family:var(--h2_typography-font-family);--awb-caption-title-font-weight:var(--h2_typography-font-weight);--awb-caption-title-font-style:var(--h2_typography-font-style);--awb-caption-title-size:var(--h2_typography-font-size);--awb-caption-title-transform:var(--h2_typography-text-transform);--awb-caption-title-line-height:var(--h2_typography-line-height);--awb-caption-title-letter-spacing:var(--h2_typography-letter-spacing);\"><div class=\"imageframe-align-center\"><span class=\" fusion-imageframe imageframe-none imageframe-4 hover-type-none fusion-animated\" style=\"border:2px solid #878787;\" data-animationType=\"fadeInUp\" data-animationDuration=\"1.0\" data-animationOffset=\"top-into-view\"><img decoding=\"async\" src=\"https:\/\/elferrol.com.ar\/wp-content\/uploads\/2014\/10\/Consultoria-e1493779555815.jpg\" alt class=\"img-responsive wp-image-13062\"\/><\/span><\/div><\/div><div class=\"fusion-sep-clear\"><\/div><div class=\"fusion-separator\" style=\"margin-left: auto;margin-right: auto;margin-top:15px;margin-bottom:15px;width:100%;max-width:200px;\"><\/div><div class=\"fusion-sep-clear\"><\/div><div class=\"fusion-text fusion-text-5\"><h2 style=\"text-align: center;\">Consultoria<\/h2>\n<p style=\"text-align: left;\">Ofrecemos a nuestro clientes actuales y potenciales, el dise\u00f1o y desarrollo de planes de seguridad a medida.<\/p>\n<p style=\"text-align: left;\">Mediante la recopilaci\u00f3n de informaci\u00f3n y la inspecci\u00f3n visual del lugar de referencia, se elabora un Estudio de Seguridad en el que se detectan las vulnerabilidades o riegos del sistema actual. Luego del an\u00e1lisis de los resultados obtenidos se elabora un plan de Seguridad acorde a las caracter\u00edsticas del lugar y de sus posibilidades de manera confidencial.<\/p>\n<\/div><div class=\"fusion-clearfix\"><\/div><\/div><\/div><div class=\"fusion-layout-column fusion_builder_column fusion-builder-column-5 fusion_builder_column_1_1 1_1 fusion-one-full fusion-column-first fusion-column-last\" style=\"--awb-bg-size:cover;--awb-border-color:#878787;--awb-border-top:2px;--awb-border-right:2px;--awb-border-bottom:2px;--awb-border-left:2px;--awb-border-style:solid;\"><div class=\"fusion-column-wrapper fusion-flex-column-wrapper-legacy\"><div class=\"fusion-image-element fusion-image-align-center in-legacy-container\" style=\"text-align:center;--awb-caption-title-font-family:var(--h2_typography-font-family);--awb-caption-title-font-weight:var(--h2_typography-font-weight);--awb-caption-title-font-style:var(--h2_typography-font-style);--awb-caption-title-size:var(--h2_typography-font-size);--awb-caption-title-transform:var(--h2_typography-text-transform);--awb-caption-title-line-height:var(--h2_typography-line-height);--awb-caption-title-letter-spacing:var(--h2_typography-letter-spacing);\"><div class=\"imageframe-align-center\"><span class=\" fusion-imageframe imageframe-none imageframe-5 hover-type-none fusion-animated\" data-animationType=\"fadeInUp\" data-animationDuration=\"1.0\" data-animationOffset=\"top-into-view\"><img decoding=\"async\" src=\"https:\/\/elferrol.com.ar\/wp-content\/uploads\/2014\/10\/turismo_proteccion_News.jpg\" alt class=\"img-responsive wp-image-13191\"\/><\/span><\/div><\/div><div class=\"fusion-sep-clear\"><\/div><div class=\"fusion-separator\" style=\"margin-left: auto;margin-right: auto;margin-top:15px;margin-bottom:15px;width:100%;max-width:200px;\"><\/div><div class=\"fusion-sep-clear\"><\/div><div class=\"fusion-text fusion-text-6\"><h2 class=\"p1\" style=\"text-align: center;\">Turismo Protegido<\/h2>\n<p class=\"p1\"><span class=\"s1\">Para aquellos que desean conocer nuestra ciudad de una forma novedosa, dejando de lado las salidas tradicionales. Ofrecemos nuestro servicio de \u201cturismo protegido\u201d custodiando\u00a0 a quienes deciden recorrer el patrimonio que ofrece\u00a0 Buenos Aires en distintos rincones .<\/span><\/p>\n<p class=\"p1\"><span class=\"s1\">Acompa\u00f1amos al grupo de turistas\u00a0 por recorridas nocturnas, caminatas, recorridos en bicicleta, tours fotogr\u00e1ficos, recorridos por bares, etc.,\u00a0 para cuidar su integridad f\u00edsica y la de sus bienes personales.<\/span><\/p>\n<\/div><div class=\"fusion-clearfix\"><\/div><\/div><\/div><\/div><\/div>\n","protected":false},"excerpt":{"rendered":"","protected":false},"author":1,"featured_media":0,"parent":0,"menu_order":0,"comment_status":"closed","ping_status":"closed","template":"100-width.php","meta":{"footnotes":""},"class_list":["post-10889","page","type-page","status-publish","hentry"],"_links":{"self":[{"href":"https:\/\/elferrol.com.ar\/v3\/wp-json\/wp\/v2\/pages\/10889","targetHints":{"allow":["GET"]}}],"collection":[{"href":"https:\/\/elferrol.com.ar\/v3\/wp-json\/wp\/v2\/pages"}],"about":[{"href":"https:\/\/elferrol.com.ar\/v3\/wp-json\/wp\/v2\/types\/page"}],"author":[{"embeddable":true,"href":"https:\/\/elferrol.com.ar\/v3\/wp-json\/wp\/v2\/users\/1"}],"replies":[{"embeddable":true,"href":"https:\/\/elferrol.com.ar\/v3\/wp-json\/wp\/v2\/comments?post=10889"}],"version-history":[{"count":0,"href":"https:\/\/elferrol.com.ar\/v3\/wp-json\/wp\/v2\/pages\/10889\/revisions"}],"wp:attachment":[{"href":"https:\/\/elferrol.com.ar\/v3\/wp-json\/wp\/v2\/media?parent=10889"}],"curies":[{"name":"wp","href":"https:\/\/api.w.org\/{rel}","templated":true}]}}